{"id":131,"date":"2019-03-23T22:34:29","date_gmt":"2019-03-23T22:34:29","guid":{"rendered":"https:\/\/periodismoturisticocnavarro.wordpress.com\/?page_id=131"},"modified":"2019-03-23T22:34:29","modified_gmt":"2019-03-23T22:34:29","slug":"acerca-del-autor","status":"publish","type":"page","link":"https:\/\/www.perturchile.com\/?page_id=131","title":{"rendered":"Acerca del Director y Fundador de PerTur Chile &#038; El Mundo"},"content":{"rendered":"<div class=\"wc-gallery\"><div id='gallery-1' data-gutter-width='5' data-columns='1' class='gallery wc-gallery-captions-onhover gallery-link-post gallery-masonry galleryid-131 gallery-columns-1 gallery-size-large wc-gallery-bottomspace-default wc-gallery-clear'><div class='gallery-item gallery-item-position-1 gallery-item-attachment-1757'>\n\t\t\t\t<div class='gallery-icon landscape'>\n\t\t\t\t\t<a href='https:\/\/www.perturchile.com\/?attachment_id=1757' title='autor' target='_self'><img loading=\"lazy\" decoding=\"async\" width=\"672\" height=\"568\" src=\"https:\/\/i0.wp.com\/www.perturchile.com\/wp-content\/uploads\/2021\/04\/autor-e1619724455256.jpg?fit=672%2C568&amp;ssl=1\" class=\"attachment-large size-large\" alt=\"\" data-attachment-id=\"1757\" srcset=\"https:\/\/i0.wp.com\/www.perturchile.com\/wp-content\/uploads\/2021\/04\/autor-e1619724455256.jpg?w=1281&amp;ssl=1 1281w, https:\/\/i0.wp.com\/www.perturchile.com\/wp-content\/uploads\/2021\/04\/autor-e1619724455256.jpg?resize=300%2C254&amp;ssl=1 300w, https:\/\/i0.wp.com\/www.perturchile.com\/wp-content\/uploads\/2021\/04\/autor-e1619724455256.jpg?resize=1024%2C866&amp;ssl=1 1024w, https:\/\/i0.wp.com\/www.perturchile.com\/wp-content\/uploads\/2021\/04\/autor-e1619724455256.jpg?resize=768%2C649&amp;ssl=1 768w, https:\/\/i0.wp.com\/www.perturchile.com\/wp-content\/uploads\/2021\/04\/autor-e1619724455256.jpg?resize=128%2C108&amp;ssl=1 128w, https:\/\/i0.wp.com\/www.perturchile.com\/wp-content\/uploads\/2021\/04\/autor-e1619724455256.jpg?resize=250%2C211&amp;ssl=1 250w, https:\/\/i0.wp.com\/www.perturchile.com\/wp-content\/uploads\/2021\/04\/autor-e1619724455256.jpg?resize=550%2C465&amp;ssl=1 550w, https:\/\/i0.wp.com\/www.perturchile.com\/wp-content\/uploads\/2021\/04\/autor-e1619724455256.jpg?resize=800%2C676&amp;ssl=1 800w, https:\/\/i0.wp.com\/www.perturchile.com\/wp-content\/uploads\/2021\/04\/autor-e1619724455256.jpg?resize=213%2C180&amp;ssl=1 213w, https:\/\/i0.wp.com\/www.perturchile.com\/wp-content\/uploads\/2021\/04\/autor-e1619724455256.jpg?resize=355%2C300&amp;ssl=1 355w, https:\/\/i0.wp.com\/www.perturchile.com\/wp-content\/uploads\/2021\/04\/autor-e1619724455256.jpg?resize=591%2C500&amp;ssl=1 591w\" sizes=\"auto, (max-width: 672px) 100vw, 672px\" \/><\/a>\n\t\t\t\t<\/div><\/div><\/div>\n<\/div>\n<p>Certificaci\u00f3n Internacional en Periodismo Digital &amp; Combate a las Fake News. Impartida por la <strong>Universidad Nacional Aut\u00f3noma de M\u00e9xico<\/strong>: <span style=\"color:#0000ff;\"><strong><a style=\"color:#0000ff;\" href=\"https:\/\/www.coursera.org\/account\/accomplishments\/certificate\/D5L8M2CQT8WZ\" target=\"_blank\" rel=\"noopener\">Certificado Online<\/a><\/strong><\/span><\/p>\n<p>Diplomado en Periodismo\/Menci\u00f3n Turismo. Impartida y certificada por variados colegios de periodistas a nivel latinoamericano. \u00a0Adem\u00e1s T\u00e9cnico Profesional en Hoteler\u00eda y Turismo con m\u00e1s de 17 a\u00f1os de experiencia en la actividad.<\/p>\n<p>Miembro del equipo organizador del <strong>2do. Congreso Latinoamericano de Periodistas y Profesionales del Turismo<\/strong>, realizado en Noviembre de 2015 en la ciudad de <strong>La Serena<\/strong>.<\/p>\n<p><span style=\"color:#0000ff;\"><strong>Gestor, creador y organizador<\/strong><\/span> de la <strong>1ra. Feria Regional de Turismo Los Lagos,<\/strong> realizada en la ciudad de <strong>Puerto Varas<\/strong> en Julio de 2016.<\/p>\n<p>En el medio regional <strong>33 Segundos<\/strong> y durante 7 meses se desempe\u00f1\u00f3 como editor, redactor y encargado de todos los contenidos de la plataforma web <a href=\"http:\/\/www.33s.cl\">33s.cl<\/a>. En ella adem\u00e1s llev\u00f3 a cabo la creaci\u00f3n e implementaci\u00f3n del bloque y secci\u00f3n <strong>Turismo<\/strong> y <em><strong>\u00ab33Segundos en Viaje\u00bb.<\/strong><\/em><\/p>\n<p>Actualmente es colaborador destacado freelance del medio internacional <strong>Entorno Tur\u00edstico<\/strong><a href=\"https:\/\/www.entornoturistico.com\/\"> https:\/\/www.entornoturistico.com\/<\/a><\/p>\n<p>Colaborador de contenidos para el blog de la <a href=\"https:\/\/www.trekkingchile.com\/es\/\" target=\"_blank\" rel=\"noopener\"><strong>Fundaci\u00f3n Trekking Chile<\/strong><\/a><\/p>\n<p style=\"text-align:left;\">Desde 2016 hasta fines de 2019 ocup\u00f3 el cargo de Director en la representaci\u00f3n por Chile de la <strong>Organizaci\u00f3n Mundial de Periodistas Tur\u00edsticos (OMPT) <a href=\"https:\/\/traveljournalists.wordpress.com\/\">https:\/\/traveljournalists.wordpress.com\/<\/a> <\/strong><\/p>\n","protected":false},"excerpt":{"rendered":"<p>Certificaci\u00f3n Internacional en Periodismo Digital &amp; Combate a las Fake News. Impartida por la Universidad Nacional Aut\u00f3noma de M\u00e9xico: Certificado &hellip; <a href=\"https:\/\/www.perturchile.com\/?page_id=131\" class=\"more-link\">Contin\u00faa leyendo <span class=\"screen-reader-text\">Acerca del Director y Fundador de PerTur Chile &#038; El Mundo<\/span><\/a><\/p>\n","protected":false},"author":2,"featured_media":1757,"parent":0,"menu_order":0,"comment_status":"closed","ping_status":"closed","template":"","meta":{"bgseo_title":"","bgseo_description":"","bgseo_robots_index":"","bgseo_robots_follow":"","footnotes":""},"class_list":["post-131","page","type-page","status-publish","has-post-thumbnail","hentry"],"amp_enabled":true,"_links":{"self":[{"href":"https:\/\/www.perturchile.com\/index.php?rest_route=\/wp\/v2\/pages\/131","targetHints":{"allow":["GET"]}}],"collection":[{"href":"https:\/\/www.perturchile.com\/index.php?rest_route=\/wp\/v2\/pages"}],"about":[{"href":"https:\/\/www.perturchile.com\/index.php?rest_route=\/wp\/v2\/types\/page"}],"author":[{"embeddable":true,"href":"https:\/\/www.perturchile.com\/index.php?rest_route=\/wp\/v2\/users\/2"}],"replies":[{"embeddable":true,"href":"https:\/\/www.perturchile.com\/index.php?rest_route=%2Fwp%2Fv2%2Fcomments&post=131"}],"version-history":[{"count":0,"href":"https:\/\/www.perturchile.com\/index.php?rest_route=\/wp\/v2\/pages\/131\/revisions"}],"wp:featuredmedia":[{"embeddable":true,"href":"https:\/\/www.perturchile.com\/index.php?rest_route=\/wp\/v2\/media\/1757"}],"wp:attachment":[{"href":"https:\/\/www.perturchile.com\/index.php?rest_route=%2Fwp%2Fv2%2Fmedia&parent=131"}],"curies":[{"name":"wp","href":"https:\/\/api.w.org\/{rel}","templated":true}]}}